{"id":6,"date":"2017-04-02T07:45:47","date_gmt":"2017-04-02T04:45:47","guid":{"rendered":"http:\/\/kivesvaara.rakennarannalle.fi\/index.php\/home-page\/"},"modified":"2017-08-29T11:48:18","modified_gmt":"2017-08-29T08:48:18","slug":"home-page","status":"publish","type":"page","link":"https:\/\/lomakainuu.fi\/","title":{"rendered":"ETUSIVU"},"content":{"rendered":"<div id=\"pl-6\"  class=\"panel-layout\" ><div id=\"pg-6-0\"  class=\"panel-grid panel-no-style\" ><div id=\"pgc-6-0-0\"  class=\"panel-grid-cell\" ><div id=\"panel-6-0-0-0\" class=\"so-panel widget widget_sow-image panel-first-child panel-last-child\" data-index=\"0\" ><div\n\t\t\t\n\t\t\tclass=\"so-widget-sow-image so-widget-sow-image-default-c67d20f9f743-6\"\n\t\t\t\n\t\t>\n\n<div class=\"sow-image-container\">\n\t\t<img src=\"https:\/\/lomakainuu.fi\/wp-content\/uploads\/2017\/04\/LOMAKAINUU_logo_valkoinen.png\" width=\"1654\" height=\"308\" srcset=\"https:\/\/lomakainuu.fi\/wp-content\/uploads\/2017\/04\/LOMAKAINUU_logo_valkoinen.png 1654w, https:\/\/lomakainuu.fi\/wp-content\/uploads\/2017\/04\/LOMAKAINUU_logo_valkoinen-300x56.png 300w, https:\/\/lomakainuu.fi\/wp-content\/uploads\/2017\/04\/LOMAKAINUU_logo_valkoinen-768x143.png 768w, https:\/\/lomakainuu.fi\/wp-content\/uploads\/2017\/04\/LOMAKAINUU_logo_valkoinen-1024x191.png 1024w\" sizes=\"(max-width: 1654px) 100vw, 1654px\" alt=\"\" loading=\"lazy\" \t\tclass=\"so-widget-image\"\/>\n\t<\/div>\n\n<\/div><\/div><\/div><\/div><div id=\"pg-6-1\"  class=\"panel-grid panel-no-style\" ><div id=\"pgc-6-1-0\"  class=\"panel-grid-cell\" ><div id=\"panel-6-1-0-0\" class=\"so-panel widget widget_headline-widget panel-first-child panel-last-child\" data-index=\"1\" ><div class=\"panel-widget-style panel-widget-style-for-6-1-0-0\" >\t\t<h1>Tervetuloa lomalle Kainuuseen!<\/h1>\n\t\t<div class=\"decoration\"><div class=\"decoration-inside\"><\/div><\/div>\n\t\t<h3>Parasta lomaa yl\u00e4kainuussa - Kainuun katolla!<\/h3>\n\t\t<\/div><\/div><\/div><\/div><div id=\"pg-6-2\"  class=\"panel-grid panel-has-style\" ><div class=\"siteorigin-panels-stretch panel-row-style-full-width panel-row-style panel-row-style-for-6-2\" data-stretch-type=\"full\" ><div id=\"pgc-6-2-0\"  class=\"panel-grid-cell\" ><div id=\"panel-6-2-0-0\" class=\"so-panel widget widget_circleicon-widget panel-first-child panel-last-child\" data-index=\"2\" >\t\t<div class=\"circle-icon-box circle-icon-position-top circle-icon-hide-box circle-icon-size-medium \">\n\t\t\t\t\t\t\t<div class=\"circle-icon-wrapper\">\n\t\t\t\t\t\t\t\t\t\t<a href=\"http:\/\/lomakainuu.fi\/index.php\/majoitus\/\" class=\"link-icon\" >\t\t\t\t\t<div class=\"circle-icon\" >\n\t\t\t\t\t\t\t\t\t\t\t\t\t<div class=\"fa fa-home\" style=\"color: #ffffff\"><\/div>\n\t\t\t\t\t\t\t\t\t\t\t<\/div> \n\t\t\t\t\t<\/a>\t\t\t\t<\/div>\n\t\t\t\n\t\t\t\t\t\t\t<a href=\"http:\/\/lomakainuu.fi\/index.php\/majoitus\/\" class=\"link-title\" >\n\t\t\t\t\t\t\t\t\t\t<h4 style=\"color: #ffffff\">\n\t\t\t\t\tMatkailupalvelumme\t\t\t\t<\/h4>\n\t\t\t\t\t\t\t\t\t\t<\/a>\n\t\t\t\n\t\t\t\t\t\t\t<p class=\"text\" style=\"color: #ffffff\">Tarjoamme majoituspalveluita ja aktiviteetteja Puolangan, Paljakan, Ukkohallan ja Hyrynsalmen alueella. Tutustu tarjontaamme! <\/p>\n\t\t\t\t\t\t\t\t\t\t<a href=\"http:\/\/lomakainuu.fi\/index.php\/majoitus\/\" class=\"more-button\" >Lue lis\u00e4\u00e4 matkailupalveluistamme <i><\/i><\/a>\n\t\t\t\t\t<\/div>\n\t\t<\/div><\/div><div id=\"pgc-6-2-1\"  class=\"panel-grid-cell\" ><div id=\"panel-6-2-1-0\" class=\"so-panel widget widget_circleicon-widget panel-first-child panel-last-child\" data-index=\"3\" >\t\t<div class=\"circle-icon-box circle-icon-position-top circle-icon-hide-box circle-icon-size-medium \">\n\t\t\t\t\t\t\t<div class=\"circle-icon-wrapper\">\n\t\t\t\t\t\t\t\t\t\t<a href=\"http:\/\/lomakainuu.fi\/index.php\/palvelut\/\" class=\"link-icon\" >\t\t\t\t\t<div class=\"circle-icon\" >\n\t\t\t\t\t\t\t\t\t\t\t\t\t<div class=\"fa fa-eye\" ><\/div>\n\t\t\t\t\t\t\t\t\t\t\t<\/div> \n\t\t\t\t\t<\/a>\t\t\t\t<\/div>\n\t\t\t\n\t\t\t\t\t\t\t<a href=\"http:\/\/lomakainuu.fi\/index.php\/palvelut\/\" class=\"link-title\" >\n\t\t\t\t\t\t\t\t\t\t<h4 style=\"color: #ffffff\">\n\t\t\t\t\tK\u00e4yntikohteet\t\t\t\t<\/h4>\n\t\t\t\t\t\t\t\t\t\t<\/a>\n\t\t\t\n\t\t\t\t\t\t\t<p class=\"text\" style=\"color: #ffffff\">Tutustu Yl\u00e4-Kainuun retkeily ja matkailupalveluihimme. Tarjolla on kaikille jotakin. Kauniita retkeily- ja luontokohteita, kalastusta, melontaa ja monia muita aktiviteetteja. <\/p>\n\t\t\t\t\t\t\t\t\t\t<a href=\"http:\/\/lomakainuu.fi\/index.php\/palvelut\/\" class=\"more-button\" >Tutustu k\u00e4yntikohteisiin. <i><\/i><\/a>\n\t\t\t\t\t<\/div>\n\t\t<\/div><\/div><\/div><\/div><\/div>","protected":false},"excerpt":{"rendered":"<p>Tervetuloa lomalle Kainuuseen! Parasta lomaa yl\u00e4kainuussa &#8211; Kainuun katolla! Matkailupalvelumme Tarjoamme majoituspalveluita ja aktiviteetteja Puolangan, Paljakan, Ukkohallan ja Hyrynsalmen alueella. Tutustu tarjontaamme! Lue lis\u00e4\u00e4 matkailupalveluistamme K\u00e4yntikohteet Tutustu Yl\u00e4-Kainuun retkeily ja matkailupalveluihimme. Tarjolla on kaikille jotakin. Kauniita retkeily- ja luontokohteita, kalastusta, melontaa ja monia muita aktiviteetteja. Tutustu k\u00e4yntikohteisiin.<\/p>\n","protected":false},"author":1,"featured_media":0,"parent":0,"menu_order":0,"comment_status":"closed","ping_status":"closed","template":"home-panels.php","meta":{"footnotes":""},"_links":{"self":[{"href":"https:\/\/lomakainuu.fi\/index.php\/wp-json\/wp\/v2\/pages\/6"}],"collection":[{"href":"https:\/\/lomakainuu.fi\/index.php\/wp-json\/wp\/v2\/pages"}],"about":[{"href":"https:\/\/lomakainuu.fi\/index.php\/wp-json\/wp\/v2\/types\/page"}],"author":[{"embeddable":true,"href":"https:\/\/lomakainuu.fi\/index.php\/wp-json\/wp\/v2\/users\/1"}],"replies":[{"embeddable":true,"href":"https:\/\/lomakainuu.fi\/index.php\/wp-json\/wp\/v2\/comments?post=6"}],"version-history":[{"count":91,"href":"https:\/\/lomakainuu.fi\/index.php\/wp-json\/wp\/v2\/pages\/6\/revisions"}],"predecessor-version":[{"id":2274,"href":"https:\/\/lomakainuu.fi\/index.php\/wp-json\/wp\/v2\/pages\/6\/revisions\/2274"}],"wp:attachment":[{"href":"https:\/\/lomakainuu.fi\/index.php\/wp-json\/wp\/v2\/media?parent=6"}],"curies":[{"name":"wp","href":"https:\/\/api.w.org\/{rel}","templated":true}]}}